{"id":1634,"date":"2023-09-19T11:33:08","date_gmt":"2023-09-19T11:33:08","guid":{"rendered":"https:\/\/buxtonmusicalsociety.org.uk\/?page_id=1634"},"modified":"2024-04-22T21:47:59","modified_gmt":"2024-04-22T21:47:59","slug":"2023-24-season","status":"publish","type":"page","link":"https:\/\/buxtonmusicalsociety.org.uk\/?page_id=1634","title":{"rendered":"2023 &#8211; 24 Season"},"content":{"rendered":"\n<figure class=\"wp-block-image size-large\"><a href=\"https:\/\/buxtonmusicalsociety.org.uk\/wp-content\/uploads\/2023\/08\/season-banner-title-scaled.jpg\"><img loading=\"lazy\" decoding=\"async\" width=\"1024\" height=\"117\" src=\"https:\/\/buxtonmusicalsociety.org.uk\/wp-content\/uploads\/2023\/08\/season-banner-title-1024x117.jpg\" alt=\"\" class=\"wp-image-1639\" title=\"banner title\" srcset=\"https:\/\/buxtonmusicalsociety.org.uk\/wp-content\/uploads\/2023\/08\/season-banner-title-1024x117.jpg 1024w, https:\/\/buxtonmusicalsociety.org.uk\/wp-content\/uploads\/2023\/08\/season-banner-title-300x34.jpg 300w, https:\/\/buxtonmusicalsociety.org.uk\/wp-content\/uploads\/2023\/08\/season-banner-title-768x88.jpg 768w, https:\/\/buxtonmusicalsociety.org.uk\/wp-content\/uploads\/2023\/08\/season-banner-title-1536x175.jpg 1536w, https:\/\/buxtonmusicalsociety.org.uk\/wp-content\/uploads\/2023\/08\/season-banner-title-2048x234.jpg 2048w\" sizes=\"auto, (max-width: 1024px) 100vw, 1024px\" \/><\/a><\/figure>\n\n\n\n<h2 class=\"wp-block-heading\">Buxton Musical Society \u2014 80th Season<\/h2>\n\n\n\n<p>As we move into our 80th Season, Buxton Musical Society is proud to announce the appointment of its first Chorus Director. After 55 years of whipping us into shape, it&#8217;s time to give our Musical Director, Michael Williams MBE, a bit of assistance. Sam Hayes has joined the team to take over the preparation of the Society Chorus whilst Michael will continue to conduct the majority of our concerts.<\/p>\n\n\n\n<div class=\"wp-block-columns is-layout-flex wp-container-core-columns-is-layout-9d6595d7 wp-block-columns-is-layout-flex\">\n<div class=\"wp-block-column is-layout-flow wp-block-column-is-layout-flow\">\n<figure class=\"wp-block-image size-large\"><a href=\"https:\/\/buxtonmusicalsociety.org.uk\/wp-content\/uploads\/2023\/08\/JMW-SH-cropped-scaled.jpg\"><img loading=\"lazy\" decoding=\"async\" width=\"1024\" height=\"781\" src=\"https:\/\/buxtonmusicalsociety.org.uk\/wp-content\/uploads\/2023\/08\/JMW-SH-cropped-1024x781.jpg\" alt=\"\" class=\"wp-image-1643\" srcset=\"https:\/\/buxtonmusicalsociety.org.uk\/wp-content\/uploads\/2023\/08\/JMW-SH-cropped-1024x781.jpg 1024w, https:\/\/buxtonmusicalsociety.org.uk\/wp-content\/uploads\/2023\/08\/JMW-SH-cropped-300x229.jpg 300w, https:\/\/buxtonmusicalsociety.org.uk\/wp-content\/uploads\/2023\/08\/JMW-SH-cropped-768x586.jpg 768w, https:\/\/buxtonmusicalsociety.org.uk\/wp-content\/uploads\/2023\/08\/JMW-SH-cropped-1536x1172.jpg 1536w, https:\/\/buxtonmusicalsociety.org.uk\/wp-content\/uploads\/2023\/08\/JMW-SH-cropped-2048x1563.jpg 2048w\" sizes=\"auto, (max-width: 1024px) 100vw, 1024px\" \/><\/a><\/figure>\n<\/div>\n\n\n\n<div class=\"wp-block-column is-layout-flow wp-block-column-is-layout-flow\">\n<p>Sam has been working in Cambridge for many years but luckily for us, has recently moved to the Midlands with his young family. With long experience of choral conducting behind him, he is already injecting a new dynamic into the Society Chorus. We look forward to exciting times ahead as we present this season&#8217;s programme:<\/p>\n<\/div>\n<\/div>\n\n\n\n<div class=\"wp-block-columns is-layout-flex wp-container-core-columns-is-layout-9d6595d7 wp-block-columns-is-layout-flex\">\n<div class=\"wp-block-column is-layout-flow wp-block-column-is-layout-flow\" style=\"flex-basis:66.66%\">\n<h3 class=\"wp-block-heading\"><strong>Saturday 16 September<\/strong> 2023 &#8211; 7.30pm<\/h3>\n\n\n\n<p><em>St John`s Church Buxton<\/em><\/p>\n\n\n\n<h2 class=\"wp-block-heading\"><strong><em>Handel Coronationfest<\/em><\/strong><\/h2>\n\n\n\n<p><strong>CHORUS AND ORCHESTRA OF BUXTON MUSICAL SOCIETY AND GUEST SINGERS<\/strong><\/p>\n\n\n\n<p><strong>JACK APPERLEY \u2013 conductor<\/strong><br><strong>SAM HAYES \u2013 conductor<\/strong><br><strong>GEORGIE MALCOLM \u2013 soprano<\/strong><br><strong>STEVEN WILKIE, CHRISTOPHER NEWTON &#8211; violin<\/strong><\/p>\n\n\n\n<p>G F Handel &#8211; Four Coronation Anthems<br>J S Bach &#8211; Cantata No 51<br>J S Bach &#8211; Double Violin Concerto<\/p>\n\n\n\n<p><\/p>\n<\/div>\n\n\n\n<div class=\"wp-block-column is-layout-flow wp-block-column-is-layout-flow\" style=\"flex-basis:33.33%\">\n<figure class=\"wp-block-image size-large\"><a href=\"https:\/\/buxtonmusicalsociety.org.uk\/wp-content\/uploads\/2023\/06\/coronationfest-logo.gif\"><img loading=\"lazy\" decoding=\"async\" width=\"658\" height=\"1024\" src=\"https:\/\/buxtonmusicalsociety.org.uk\/wp-content\/uploads\/2023\/06\/coronationfest-logo-658x1024.gif\" alt=\"\" class=\"wp-image-1599\" srcset=\"https:\/\/buxtonmusicalsociety.org.uk\/wp-content\/uploads\/2023\/06\/coronationfest-logo-658x1024.gif 658w, https:\/\/buxtonmusicalsociety.org.uk\/wp-content\/uploads\/2023\/06\/coronationfest-logo-193x300.gif 193w, https:\/\/buxtonmusicalsociety.org.uk\/wp-content\/uploads\/2023\/06\/coronationfest-logo-768x1195.gif 768w, https:\/\/buxtonmusicalsociety.org.uk\/wp-content\/uploads\/2023\/06\/coronationfest-logo-987x1536.gif 987w\" sizes=\"auto, (max-width: 658px) 100vw, 658px\" \/><\/a><\/figure>\n<\/div>\n<\/div>\n\n\n\n<div class=\"wp-block-columns is-layout-flex wp-container-core-columns-is-layout-9d6595d7 wp-block-columns-is-layout-flex\">\n<div class=\"wp-block-column is-layout-flow wp-block-column-is-layout-flow\" style=\"flex-basis:50%\">\n<figure class=\"wp-block-image size-large is-resized\"><a href=\"https:\/\/buxtonmusicalsociety.org.uk\/wp-content\/uploads\/2023\/08\/20201107_164236-rotated.jpg\"><img loading=\"lazy\" decoding=\"async\" width=\"1024\" height=\"576\" src=\"https:\/\/buxtonmusicalsociety.org.uk\/wp-content\/uploads\/2023\/08\/20201107_164236-1024x576.jpg\" alt=\"\" class=\"wp-image-1644\" style=\"width:412px;height:232px\" srcset=\"https:\/\/buxtonmusicalsociety.org.uk\/wp-content\/uploads\/2023\/08\/20201107_164236-1024x576.jpg 1024w, https:\/\/buxtonmusicalsociety.org.uk\/wp-content\/uploads\/2023\/08\/20201107_164236-300x169.jpg 300w, https:\/\/buxtonmusicalsociety.org.uk\/wp-content\/uploads\/2023\/08\/20201107_164236-768x432.jpg 768w, https:\/\/buxtonmusicalsociety.org.uk\/wp-content\/uploads\/2023\/08\/20201107_164236-1536x864.jpg 1536w, https:\/\/buxtonmusicalsociety.org.uk\/wp-content\/uploads\/2023\/08\/20201107_164236-2048x1152.jpg 2048w\" sizes=\"auto, (max-width: 1024px) 100vw, 1024px\" \/><\/a><\/figure>\n\n\n\n<blockquote class=\"wp-block-quote is-layout-flow wp-block-quote-is-layout-flow\">\n<p>Join us for this reflective concert as we enjoy one of the most popular piano concertos in the repertoire and listen to Vaughan Williams&#8217; on the war that he had experienced first-hand.<\/p>\n<\/blockquote>\n<\/div>\n\n\n\n<div class=\"wp-block-column is-layout-flow wp-block-column-is-layout-flow\" style=\"flex-basis:50%\">\n<h3 class=\"wp-block-heading\"><strong>Sunday 12 November 2023 &#8211; 7.30pm<\/strong><\/h3>\n\n\n\n<p><em>St John`s Church Buxton<\/em><\/p>\n\n\n\n<h2 class=\"wp-block-heading\">In memoriam<\/h2>\n\n\n\n<p>Callum McLachlan &#8211; <em>piano<\/em><br>Georgina Stalbow &#8211; <em>soprano<\/em><br>James Holt &#8211; <em>baritone<\/em><\/p>\n\n\n\n<p><strong>CHORUS AND ORCHESTRA OF BUXTON MUSICAL SOCIETY<\/strong><\/p>\n\n\n\n<p>SAM HAYES &#8211; Chorus Director <br><strong>MICHAEL WILLIAMS &#8211; conductor<\/strong><\/p>\n\n\n\n<p><\/p>\n\n\n\n<p>Brahms                       Academic Festival Overture<br>Rachmaninov&nbsp;&nbsp;&nbsp;&nbsp;&nbsp;&nbsp;&nbsp;&nbsp;&nbsp;&nbsp;&nbsp;&nbsp; Piano Concerto No 2<br>Vaughan Williams&nbsp;&nbsp;&nbsp;&nbsp;&nbsp; Dona nobis pacem<\/p>\n\n\n\n<p><\/p>\n<\/div>\n<\/div>\n\n\n\n<p><strong>Sunday 10 December 2023 &#8211; 7.00pm<\/strong><\/p>\n\n\n\n<p><em>St John`s Church Buxton<\/em><\/p>\n\n\n\n<h2 class=\"wp-block-heading\">Christmas Past and Presents!<\/h2>\n\n\n\n<div class=\"wp-block-columns is-layout-flex wp-container-core-columns-is-layout-9d6595d7 wp-block-columns-is-layout-flex\">\n<div class=\"wp-block-column is-layout-flow wp-block-column-is-layout-flow\" style=\"flex-basis:66.66%\">\n<p><strong>Join us for the Buxton Musical Society&#8217;s annual celebration of Christmas music<\/strong>. <\/p>\n\n\n\n<p>This year we look to Christmas past as we perform Benjamin Britten&#8217;s <em>Ceremony of Carols<\/em>, based on a collection of poems in Middle English, Latin and Early Modern English. In the second half, we celebrate Christmas present and are joined by young choristers from Fairfield Endowed Junior School to sing many Christmas favourites. There are rumours that a special Christmas guest may also make an appearance.<br><strong>BUXTON MUSICAL SOCIETY<\/strong><br><strong><strong>SAM HAYES \u2013 <\/strong><\/strong>conductor<\/p>\n\n\n\n<p><\/p>\n\n\n\n<p><\/p>\n\n\n\n<h3 class=\"wp-block-heading\">Sunday 24 March 2024 &#8211; 7.30<\/h3>\n\n\n\n<p><strong>CHORUS AND ORCHESTRA OF BUXTON MUSICAL SOCIETY<\/strong><\/p>\n\n\n\n<h2 class=\"wp-block-heading\">Music from Central Europe<\/h2>\n\n\n\n<p><strong>MICHAEL WILLIAMS \u2013 conductor<\/strong><br><strong>SAM HAYES \u2013 conductor<\/strong><\/p>\n\n\n\n<p><strong>Soloists<\/strong>:<br><a href=\"https:\/\/www.oliviacarrell.co.uk\/\">Olivia Carrel \u2013 <em>soprano<\/em><\/a> <br><a href=\"https:\/\/mackenziewicks.weebly.com\/\">Andrew Mackenzie Wicks \u2013 <em>tenor<\/em><\/a> <br><a href=\"https:\/\/www.francesgregory.co.uk\/\">Frances Gregory \u2013 <em>mezzo-soprano<\/em><\/a><br><a href=\"https:\/\/rosscumming.com\/\">Ross Cummings \u2013 <em>bass<\/em><\/a><\/p>\n\n\n\n<p>Dvo\u0159\u00e1k&nbsp;&nbsp;&nbsp;&nbsp;&nbsp;&nbsp;&nbsp;&nbsp;&nbsp;&nbsp;&nbsp; Stabat Mater<br>Kod\u00e1ly            Psalmus Hungaricus<\/p>\n<\/div>\n\n\n\n<div class=\"wp-block-column is-layout-flow wp-block-column-is-layout-flow\" style=\"flex-basis:33.33%\">\n<figure class=\"wp-block-image size-large\"><a href=\"https:\/\/buxtonmusicalsociety.org.uk\/wp-content\/uploads\/2017\/08\/BMS.png\"><img loading=\"lazy\" decoding=\"async\" width=\"1024\" height=\"621\" src=\"https:\/\/buxtonmusicalsociety.org.uk\/wp-content\/uploads\/2017\/08\/BMS-1024x621.png\" alt=\"\" class=\"wp-image-859\" srcset=\"https:\/\/buxtonmusicalsociety.org.uk\/wp-content\/uploads\/2017\/08\/BMS-1024x621.png 1024w, https:\/\/buxtonmusicalsociety.org.uk\/wp-content\/uploads\/2017\/08\/BMS-300x182.png 300w, https:\/\/buxtonmusicalsociety.org.uk\/wp-content\/uploads\/2017\/08\/BMS-768x465.png 768w, https:\/\/buxtonmusicalsociety.org.uk\/wp-content\/uploads\/2017\/08\/BMS.png 1117w\" sizes=\"auto, (max-width: 1024px) 100vw, 1024px\" \/><\/a><\/figure>\n<\/div>\n<\/div>\n\n\n\n<h3 class=\"wp-block-heading\">Sunday 9 June 2024 &#8211; 7.30pm<\/h3>\n\n\n\n<h2 class=\"wp-block-heading\">BMS Young Artist<\/h2>\n\n\n\n<div class=\"wp-block-columns are-vertically-aligned-top is-layout-flex wp-container-core-columns-is-layout-9d6595d7 wp-block-columns-is-layout-flex\">\n<div class=\"wp-block-column is-vertically-aligned-top is-layout-flow wp-block-column-is-layout-flow\" style=\"flex-basis:33.33%\">\n<figure class=\"wp-block-image size-full\"><a href=\"https:\/\/buxtonmusicalsociety.org.uk\/wp-content\/uploads\/2024\/04\/image-1.png\"><img loading=\"lazy\" decoding=\"async\" width=\"619\" height=\"877\" src=\"https:\/\/buxtonmusicalsociety.org.uk\/wp-content\/uploads\/2024\/04\/image-1.png\" alt=\"\" class=\"wp-image-1788\" srcset=\"https:\/\/buxtonmusicalsociety.org.uk\/wp-content\/uploads\/2024\/04\/image-1.png 619w, https:\/\/buxtonmusicalsociety.org.uk\/wp-content\/uploads\/2024\/04\/image-1-212x300.png 212w\" sizes=\"auto, (max-width: 619px) 100vw, 619px\" \/><\/a><\/figure>\n<\/div>\n\n\n\n<div class=\"wp-block-column is-vertically-aligned-top is-layout-flow wp-block-column-is-layout-flow\" style=\"flex-basis:66.66%\">\n<div class=\"wp-block-columns is-not-stacked-on-mobile is-layout-flex wp-container-core-columns-is-layout-9d6595d7 wp-block-columns-is-layout-flex\">\n<div class=\"wp-block-column is-layout-flow wp-block-column-is-layout-flow\" style=\"flex-basis:100%\">\n<p><strong>CHORUS AND ORCHESTRA OF BUXTON MUSICAL SOCIETY<\/strong><\/p>\n\n\n\n<p><strong>MICHAEL WILLIAMS &#8211; conductor<\/strong><\/p>\n\n\n\n<p>Soloist from Chetham&#8217;s School of Music&nbsp;&nbsp;&nbsp;&nbsp;&nbsp;&nbsp;&nbsp;&nbsp;&nbsp;&nbsp;&nbsp;&nbsp;&nbsp;&nbsp;&nbsp; <\/p>\n\n\n\n<p>Supporting choral and orchestral items<\/p>\n\n\n\n<p><\/p>\n<\/div>\n<\/div>\n<\/div>\n<\/div>\n\n\n\n<div class=\"wp-block-columns is-layout-flex wp-container-core-columns-is-layout-9d6595d7 wp-block-columns-is-layout-flex\">\n<div class=\"wp-block-column is-layout-flow wp-block-column-is-layout-flow\" style=\"flex-basis:100%\">\n<div class=\"wp-block-columns alignwide is-layout-flex wp-container-core-columns-is-layout-9d6595d7 wp-block-columns-is-layout-flex\">\n<div class=\"wp-block-column is-layout-flow wp-block-column-is-layout-flow\" style=\"flex-basis:50%\">\n<h2 class=\"wp-block-heading\"><b>Sunday 14 July 2024 <\/b>\u2013 <i>11.00am<\/i><\/h2>\n\n\n\n<h2 class=\"wp-block-heading\"><i>Festival Mass<\/i><\/h2>\n\n\n\n<h3 class=\"wp-block-heading\">Haydn &#8211; Theresienmesse<\/h3>\n<\/div>\n\n\n\n<div class=\"wp-block-column is-layout-flow wp-block-column-is-layout-flow\" style=\"flex-basis:50%\">\n<figure class=\"wp-block-image\"><img loading=\"lazy\" decoding=\"async\" width=\"193\" height=\"191\" src=\"https:\/\/buxtonmusicalsociety.org.uk\/wp-content\/uploads\/2023\/09\/image.png\" alt=\"BIF\" class=\"wp-image-1657\"\/><\/figure>\n<\/div>\n<\/div>\n<\/div>\n<\/div>\n\n\n\n<div class=\"wp-block-columns is-layout-flex wp-container-core-columns-is-layout-9d6595d7 wp-block-columns-is-layout-flex\">\n<div class=\"wp-block-column is-vertically-aligned-top is-layout-flow wp-block-column-is-layout-flow\" style=\"flex-basis:100%\">\n<div class=\"wp-block-columns is-layout-flex wp-container-core-columns-is-layout-9d6595d7 wp-block-columns-is-layout-flex\">\n<div class=\"wp-block-column is-layout-flow wp-block-column-is-layout-flow\" style=\"flex-basis:33.33%\">\n<figure class=\"wp-block-image is-resized is-style-default\"><img loading=\"lazy\" decoding=\"async\" width=\"600\" height=\"900\" src=\"https:\/\/buxtonmusicalsociety.org.uk\/wp-content\/uploads\/2023\/09\/image.jpeg\" alt=\"Summer Opera House 2\" class=\"wp-image-1658\" style=\"width:242px;height:363px\" title=\"Summer Opera House 2\" srcset=\"https:\/\/buxtonmusicalsociety.org.uk\/wp-content\/uploads\/2023\/09\/image.jpeg 600w, https:\/\/buxtonmusicalsociety.org.uk\/wp-content\/uploads\/2023\/09\/image-200x300.jpeg 200w\" sizes=\"auto, (max-width: 600px) 100vw, 600px\" \/><figcaption class=\"wp-element-caption\">St John&#8217;s Church, Buxton<\/figcaption><\/figure>\n<\/div>\n\n\n\n<div class=\"wp-block-column is-layout-flow wp-block-column-is-layout-flow\" style=\"flex-basis:66.66%\">\n<p>The Society&#8217;s annual contribution to the Buxton Chorus and Orchestra join the congregation at St John\u2019s Church as they celebrate Eucharist with soloists from the Buxton International Festival company.<\/p>\n\n\n\n<p><em>(As this is a church service admission is free. There will be a retiring collection for musical expenses in addition to the normal church offertory.)<\/em><\/p>\n<\/div>\n<\/div>\n<\/div>\n<\/div>\n\n\n\n<div class=\"wp-block-columns is-layout-flex wp-container-core-columns-is-layout-9d6595d7 wp-block-columns-is-layout-flex\">\n<div class=\"wp-block-column is-layout-flow wp-block-column-is-layout-flow\"><\/div>\n\n\n\n<div class=\"wp-block-column is-layout-flow wp-block-column-is-layout-flow\"><\/div>\n<\/div>\n\n\n\n<p><b>All performances take place in St John\u2019s Church, Buxton<\/b><\/p>\n\n\n\n<p><b><i>Apart from the Sing it in a Day, Tickets: \u00a315.00 available from:<\/i><\/b><\/p>\n\n\n\n<p><b>Buxton Opera House Box Office: 0845 127 2190 or 01298 72190 or book online: <\/b><a href=\"https:\/\/buxtonoperahouse.org.uk\/\"><b>buxtonoperahouse.org.uk<\/b><\/a><\/p>\n\n\n\n<p><b>Tickets are also available from Society members and on the door before each concert in St John\u2019s Church (limited availability)<\/b><\/p>\n","protected":false},"excerpt":{"rendered":"<p>Buxton Musical Society \u2014 80th Season As we move into our 80th Season, Buxton Musical Society is proud to announce the appointment of its first Chorus Director. After 55 years of whipping us into shape, it&#8217;s time to give our Musical Director, Michael Williams MBE, a bit of assistance. Sam Hayes has joined the team&hellip; <a href=\"https:\/\/buxtonmusicalsociety.org.uk\/?page_id=1634\">Read More<\/a><\/p>\n","protected":false},"author":2,"featured_media":0,"parent":0,"menu_order":0,"comment_status":"closed","ping_status":"closed","template":"","meta":{"_exactmetrics_skip_tracking":false,"_exactmetrics_sitenote_active":false,"_exactmetrics_sitenote_note":"","_exactmetrics_sitenote_category":0,"footnotes":""},"class_list":["post-1634","page","type-page","status-publish","hentry"],"_links":{"self":[{"href":"https:\/\/buxtonmusicalsociety.org.uk\/index.php?rest_route=\/wp\/v2\/pages\/1634","targetHints":{"allow":["GET"]}}],"collection":[{"href":"https:\/\/buxtonmusicalsociety.org.uk\/index.php?rest_route=\/wp\/v2\/pages"}],"about":[{"href":"https:\/\/buxtonmusicalsociety.org.uk\/index.php?rest_route=\/wp\/v2\/types\/page"}],"author":[{"embeddable":true,"href":"https:\/\/buxtonmusicalsociety.org.uk\/index.php?rest_route=\/wp\/v2\/users\/2"}],"replies":[{"embeddable":true,"href":"https:\/\/buxtonmusicalsociety.org.uk\/index.php?rest_route=%2Fwp%2Fv2%2Fcomments&post=1634"}],"version-history":[{"count":18,"href":"https:\/\/buxtonmusicalsociety.org.uk\/index.php?rest_route=\/wp\/v2\/pages\/1634\/revisions"}],"predecessor-version":[{"id":1790,"href":"https:\/\/buxtonmusicalsociety.org.uk\/index.php?rest_route=\/wp\/v2\/pages\/1634\/revisions\/1790"}],"wp:attachment":[{"href":"https:\/\/buxtonmusicalsociety.org.uk\/index.php?rest_route=%2Fwp%2Fv2%2Fmedia&parent=1634"}],"curies":[{"name":"wp","href":"https:\/\/api.w.org\/{rel}","templated":true}]}}